{"id":362,"date":"2025-11-28T12:05:35","date_gmt":"2025-11-28T12:05:35","guid":{"rendered":"https:\/\/roman-mithras.hu\/?page_id=362"},"modified":"2025-11-28T12:07:41","modified_gmt":"2025-11-28T12:07:41","slug":"research-fields","status":"publish","type":"page","link":"https:\/\/roman-mithras.hu\/?page_id=362","title":{"rendered":"Research fields"},"content":{"rendered":"\t\t<div data-elementor-type=\"wp-page\" data-elementor-id=\"362\" class=\"elementor elementor-362\">\n\t\t\t\t<div class=\"elementor-element elementor-element-0efa5f3 animated-slow e-flex e-con-boxed elementor-invisible e-con e-parent\" data-id=\"0efa5f3\" data-element_type=\"container\" data-e-type=\"container\" data-settings=\"{&quot;animation&quot;:&quot;fadeIn&quot;}\">\n\t\t\t\t\t<div class=\"e-con-inner\">\n\t\t\t\t<div class=\"elementor-element elementor-element-ae7cb70 elementor-widget elementor-widget-heading\" data-id=\"ae7cb70\" data-element_type=\"widget\" data-e-type=\"widget\" data-widget_type=\"heading.default\">\n\t\t\t\t\t<h2 class=\"elementor-heading-title elementor-size-default\">Research fields<\/h2>\t\t\t\t<\/div>\n\t\t\t\t<div class=\"elementor-element elementor-element-c13cd9e elementor-widget elementor-widget-text-editor\" data-id=\"c13cd9e\" data-element_type=\"widget\" data-e-type=\"widget\" data-widget_type=\"text-editor.default\">\n\t\t\t\t\t\t\t\t\t<p>\u00a0<\/p><p>The project will focus on four major research fields (RF).<\/p><p><br \/>RF1. CIMRM Supplement of the Danubian provinces (Pann Inf-Sup, Moesia Inf-Sup, Dacia): in situ documentation, collection, documentation, reinterpretation of the material and the creation of an open access digital database for the monuments. This part of the work inclused also the material of the newly discovered Mithraeum VI. from Aquincum. Responsable persons: Csaba Szab\u00f3, T\u00fcnde V\u00e1g\u00e1si, Ern\u0151 Szab\u00f3, Bogl\u00e1rka F\u00e1bi\u00e1n, Tam\u00e1s Milbich and Tibor Balogh-Budai with several local collaborators (Paula Zsidi, Orsolya L\u00e1ng, Cristina Mitar, Cristina Bod\u00f3, Irina Nemeti, Eugenia Beu-Dachin, Nadezda Gavrilovic, Aleksandra Nestorovic, Gabrielle Kremer, etc.).<\/p><p>\u00a0 <br \/>RF2. Social history and religious glocalism in the cult of Mithras: detailed analysis of the epigraphic, archaeological, iconographic and religious (literary) sources, network studies and data visualisation of the cult\u2019s local and glocal aspects. Responsible persons: Csaba Szab\u00f3, T\u00fcnde V\u00e1g\u00e1si, Ern\u0151 Szab\u00f3 and several collaborators (Annamaria P\u00e1zsint, R\u00f3bert P\u00e9ter, Levente Nagy, Nirvana Silnovic, Ales Chalupa).<\/p><p><br \/>RF3. Reception history of Mithras before Cumont: a comprehensive analysis of the literary (textual) sources and glocal (continental and local) historiographic analysis of the reception history of Mithras in Renaissance and early Modern works in the 16th, 17th, 18th and 19th century, with a special focus on authors from Central-Eastern Europe. RF3 will create also the first comprehensive bibliography of Mithras and its big-data analysis and visualisation. Responsible persons: Csaba Szab\u00f3, Attila Hajd\u00fa, T\u00fcnde V\u00e1g\u00e1si, Ern\u0151 Szab\u00f3, R\u00f3bert P\u00e9ter and Tiffany F\u00fcl\u00f6p.<\/p><p><br \/>RF4. Mithras today: pop-cultural and museological perspectives in the contemporary study of Mithras. RF4 will focus on the reinterpretation and reinvention of Mithras in contemporary art, religion, public archaeology and museology. RF4 will also create a Virtual Mithraeum of the newly discovered Mithraeum from Aquincum and several open access material for the promotion and presentation of the cult of Mithras and Roman heritage, as global heritage in local museums. Responsible persons: Csaba Szab\u00f3, Ilona Lov\u00e1sz, R\u00e9ka Szil\u00e1rdi, Tam\u00e1s Milbich, Tibor Budai-Balogh and several other collaborators (IT team &#8211; tbh).<\/p>\t\t\t\t\t\t\t\t<\/div>\n\t\t\t\t<div class=\"elementor-element elementor-element-d3cc89b elementor-widget elementor-widget-button\" data-id=\"d3cc89b\" data-element_type=\"widget\" data-e-type=\"widget\" data-widget_type=\"button.default\">\n\t\t\t\t\t\t\t\t\t\t<a class=\"elementor-button elementor-button-link elementor-size-sm\" href=\"https:\/\/roman-mithras.hu\/?page_id=8\">\n\t\t\t\t\t\t<span class=\"elementor-button-content-wrapper\">\n\t\t\t\t\t\t\t\t\t<span class=\"elementor-button-text\">Back<\/span>\n\t\t\t\t\t<\/span>\n\t\t\t\t\t<\/a>\n\t\t\t\t\t\t\t\t<\/div>\n\t\t\t\t\t<\/div>\n\t\t\t\t<\/div>\n\t\t<div class=\"elementor-element elementor-element-0204209 e-flex e-con-boxed e-con e-parent\" data-id=\"0204209\" data-element_type=\"container\" data-e-type=\"container\">\n\t\t\t\t\t<div class=\"e-con-inner\">\n\t\t\t\t\t<\/div>\n\t\t\t\t<\/div>\n\t\t\t\t<\/div>\n\t\t","protected":false},"excerpt":{"rendered":"<p>Research fields \u00a0 The project will focus on four major research fields (RF). RF1. CIMRM Supplement of the Danubian provinces (Pann Inf-Sup, Moesia Inf-Sup, Dacia):&hellip;<\/p>\n","protected":false},"author":1,"featured_media":0,"parent":0,"menu_order":0,"comment_status":"closed","ping_status":"closed","template":"elementor_header_footer","meta":{"footnotes":""},"class_list":["post-362","page","type-page","status-publish","hentry"],"_links":{"self":[{"href":"https:\/\/roman-mithras.hu\/index.php?rest_route=\/wp\/v2\/pages\/362","targetHints":{"allow":["GET"]}}],"collection":[{"href":"https:\/\/roman-mithras.hu\/index.php?rest_route=\/wp\/v2\/pages"}],"about":[{"href":"https:\/\/roman-mithras.hu\/index.php?rest_route=\/wp\/v2\/types\/page"}],"author":[{"embeddable":true,"href":"https:\/\/roman-mithras.hu\/index.php?rest_route=\/wp\/v2\/users\/1"}],"replies":[{"embeddable":true,"href":"https:\/\/roman-mithras.hu\/index.php?rest_route=%2Fwp%2Fv2%2Fcomments&post=362"}],"version-history":[{"count":4,"href":"https:\/\/roman-mithras.hu\/index.php?rest_route=\/wp\/v2\/pages\/362\/revisions"}],"predecessor-version":[{"id":366,"href":"https:\/\/roman-mithras.hu\/index.php?rest_route=\/wp\/v2\/pages\/362\/revisions\/366"}],"wp:attachment":[{"href":"https:\/\/roman-mithras.hu\/index.php?rest_route=%2Fwp%2Fv2%2Fmedia&parent=362"}],"curies":[{"name":"wp","href":"https:\/\/api.w.org\/{rel}","templated":true}]}}