{"id":88,"date":"2025-11-25T18:43:05","date_gmt":"2025-11-25T18:43:05","guid":{"rendered":"https:\/\/roman-mithras.hu\/?page_id=88"},"modified":"2026-04-26T16:00:02","modified_gmt":"2026-04-26T16:00:02","slug":"home-page","status":"publish","type":"page","link":"https:\/\/roman-mithras.hu\/","title":{"rendered":"HOMEPAGE"},"content":{"rendered":"\t\t<div data-elementor-type=\"wp-page\" data-elementor-id=\"88\" class=\"elementor elementor-88\">\n\t\t\t\t<div class=\"elementor-element elementor-element-04ab40f animated-slow e-flex e-con-boxed elementor-invisible e-con e-parent\" data-id=\"04ab40f\" data-element_type=\"container\" data-e-type=\"container\" data-settings=\"{&quot;animation&quot;:&quot;fadeIn&quot;}\">\n\t\t\t\t\t<div class=\"e-con-inner\">\n\t\t\t\t<div class=\"elementor-element elementor-element-7809e51 elementor-widget elementor-widget-image\" data-id=\"7809e51\" data-element_type=\"widget\" data-e-type=\"widget\" data-widget_type=\"image.default\">\n\t\t\t\t\t\t\t\t\t\t\t\t\t\t\t<img fetchpriority=\"high\" decoding=\"async\" width=\"300\" height=\"300\" src=\"https:\/\/roman-mithras.hu\/wp-content\/uploads\/2025\/11\/cropped-logo_mithras66_EN-1-300x300.png\" class=\"attachment-medium size-medium wp-image-254\" alt=\"\" srcset=\"https:\/\/roman-mithras.hu\/wp-content\/uploads\/2025\/11\/cropped-logo_mithras66_EN-1-300x300.png 300w, https:\/\/roman-mithras.hu\/wp-content\/uploads\/2025\/11\/cropped-logo_mithras66_EN-1-150x150.png 150w, https:\/\/roman-mithras.hu\/wp-content\/uploads\/2025\/11\/cropped-logo_mithras66_EN-1-768x770.png 768w, https:\/\/roman-mithras.hu\/wp-content\/uploads\/2025\/11\/cropped-logo_mithras66_EN-1.png 1022w\" sizes=\"(max-width: 300px) 100vw, 300px\" \/>\t\t\t\t\t\t\t\t\t\t\t\t\t\t\t<\/div>\n\t\t\t\t<div class=\"elementor-element elementor-element-acb6420 elementor-widget elementor-widget-spacer\" data-id=\"acb6420\" data-element_type=\"widget\" data-e-type=\"widget\" data-widget_type=\"spacer.default\">\n\t\t\t\t\t\t\t<div class=\"elementor-spacer\">\n\t\t\t<div class=\"elementor-spacer-inner\"><\/div>\n\t\t<\/div>\n\t\t\t\t\t\t<\/div>\n\t\t\t\t<div class=\"elementor-element elementor-element-527d01f elementor-widget elementor-widget-heading\" data-id=\"527d01f\" data-element_type=\"widget\" data-e-type=\"widget\" data-widget_type=\"heading.default\">\n\t\t\t\t\t<h2 class=\"elementor-heading-title elementor-size-default\">MTA\u2013SZTE Momentum Mithras Research Group<\/h2>\t\t\t\t<\/div>\n\t\t\t\t<div class=\"elementor-element elementor-element-390d914 elementor-widget elementor-widget-spacer\" data-id=\"390d914\" data-element_type=\"widget\" data-e-type=\"widget\" data-widget_type=\"spacer.default\">\n\t\t\t\t\t\t\t<div class=\"elementor-spacer\">\n\t\t\t<div class=\"elementor-spacer-inner\"><\/div>\n\t\t<\/div>\n\t\t\t\t\t\t<\/div>\n\t\t\t\t<div class=\"elementor-element elementor-element-f17099c elementor-widget elementor-widget-heading\" data-id=\"f17099c\" data-element_type=\"widget\" data-e-type=\"widget\" data-widget_type=\"heading.default\">\n\t\t\t\t\t<h3 class=\"elementor-heading-title elementor-size-default\">REMITHRA: Faces of Mithras. The material and cultural heritage of an ancient cult in Central-Eastern Europe (2025\u20132030)<\/h3>\t\t\t\t<\/div>\n\t\t\t\t<div class=\"elementor-element elementor-element-19b6e89 elementor-widget elementor-widget-spacer\" data-id=\"19b6e89\" data-element_type=\"widget\" data-e-type=\"widget\" data-widget_type=\"spacer.default\">\n\t\t\t\t\t\t\t<div class=\"elementor-spacer\">\n\t\t\t<div class=\"elementor-spacer-inner\"><\/div>\n\t\t<\/div>\n\t\t\t\t\t\t<\/div>\n\t\t\t\t<div class=\"elementor-element elementor-element-78526f1 elementor-widget elementor-widget-image\" data-id=\"78526f1\" data-element_type=\"widget\" data-e-type=\"widget\" data-widget_type=\"image.default\">\n\t\t\t\t\t\t\t\t\t\t\t\t\t\t\t<img decoding=\"async\" width=\"300\" height=\"70\" src=\"https:\/\/roman-mithras.hu\/wp-content\/uploads\/2025\/12\/mtalogo-300x70.png\" class=\"attachment-medium size-medium wp-image-642\" alt=\"\" srcset=\"https:\/\/roman-mithras.hu\/wp-content\/uploads\/2025\/12\/mtalogo-300x70.png 300w, https:\/\/roman-mithras.hu\/wp-content\/uploads\/2025\/12\/mtalogo.png 700w\" sizes=\"(max-width: 300px) 100vw, 300px\" \/>\t\t\t\t\t\t\t\t\t\t\t\t\t\t\t<\/div>\n\t\t\t\t<div class=\"elementor-element elementor-element-00e56dc elementor-widget elementor-widget-text-editor\" data-id=\"00e56dc\" data-element_type=\"widget\" data-e-type=\"widget\" data-widget_type=\"text-editor.default\">\n\t\t\t\t\t\t\t\t\t<p><span style=\"background-color: rgba(249, 249, 249, 0);\">The rich archaeological, epigraphic and figurative monuments of the Roman cult of Mithras are among the most striking objects in the museums and archaeological parks of Central-Eastern Europe. At the same time, the cult was one of the defining, empire-shaping phenomena in the religious life of the Roman Empire, and its impact can clearly be traced in its Renaissance and contemporary afterlives. Using contemporary digital tools, the project aims to map and digitise the complete Mithraic epigraphic, figurative and archaeological material from the middle and lower Danubian provinces, and to investigate the glocal characteristics of the cult\u2019s ancient social mobility and lived religious aspects, as well as its influence on Renaissance reception history, contemporary museology and present-day religions. For the first time, the cult of an ancient deity, its archaeological and literary sources, and its contemporary reception history and museological aspects will be examined through an interdisciplinary methodology and basic research on new, or to-be-reinterpreted, case studies.<\/span><\/p>\n<p>Principal Investigator: <a href=\"https:\/\/vallastudomanycom.wordpress.com\/szabo-csaba\/\" target=\"_blank\" rel=\"noopener\">Dr habil. Csaba Szab\u00f3<\/a> (Department of Religious Studies, Faculty of Humanities and Social Sciences, University of Szeged). His studies on Mithras are <a href=\"https:\/\/religioacademici.wordpress.com\/2023\/04\/20\/mithriaca-2010-2022\/\" target=\"_blank\" rel=\"noopener\">collected here<\/a>.<\/p>\n<p>Permanent members: Dr T\u00fcnde V\u00e1g\u00e1si, Ern\u0151 Szab\u00f3 (PhD candidate), Attila Hajd\u00fa (PhD candidate).<\/p>\n<p>Other researchers: Dr Bogl\u00e1rka F\u00e1bi\u00e1n, Dr habil. R\u00e9ka Szil\u00e1rdi, Ilona Lov\u00e1sz, Tam\u00e1s Milbich, Tibor Budai-Balogh, Tiffany F\u00fcl\u00f6p.<\/p>\n<p>Partner institutions: BTM Aquincum Museum, Museum of Dacian and Roman Civilisation Deva<\/p>\n<p><span style=\"background-color: rgba(249, 249, 249, 0);\">Project <a href=\"https:\/\/www.youtube.com\/@MithrasSzeged\" target=\"_blank\" rel=\"noopener\">YouTube<\/a> and <a href=\"https:\/\/www.facebook.com\/profile.php?id=100070444772866\" target=\"_blank\" rel=\"noopener\">Facebook<\/a> pages.<\/span><\/p>\n<p>Press coverage: <a href=\"https:\/\/u-szeged.hu\/news-and-events\/2025\/pioneering-excellence-dr?fbclid=IwY2xjawMBdLBleHRuA2FlbQIxMABicmlkETFyR2g2NVdseFRObVd3OVR1AR58J9BrIR5XkYd-yp9qNDXympiqPfm39SK1JV0E4BjQluPdr5m1ohKYTe-orw_aem_CLBXH1RmvZqbAj5_wZahbQ\" target=\"_blank\" rel=\"noopener\">here<\/a>, <a href=\"https:\/\/infostart.hu\/audio\/7840B\/7840B2EA.mp3\" target=\"_blank\" rel=\"noopener\">here<\/a>, <a href=\"https:\/\/kab.ro\/hirek\/hir\/szabo-csaba-elnyerte-az-mta-lendulet-palyazatat-1819\" target=\"_blank\" rel=\"noopener\">here<\/a>, <a href=\"https:\/\/www.szabadsag.ro\/article\/erdelyi-tortenesz-nyerte-lendulet-program-kutatoi-osztondijat?fbclid=IwY2xjawLYfzdleHRuA2FlbQIxMQBicmlkETFEU29sekZEb3BZbXl2MHJyAR5hRGs9n0--splPtrZq9NzuS5D_2gKoNG2uAwrzTKsRkOo5WVYWa76I9pNRJQ_aem_U7LcV7q_BlOPnKvnn-f9Nw\" target=\"_blank\" rel=\"noopener\">here<\/a>, <a href=\"https:\/\/u-szeged.hu\/sztehirek\/2025-julius\/harom-uj-lendulet?objectParentFolderId=19396\" target=\"_blank\" rel=\"noopener\">here<\/a>, <a href=\"https:\/\/www.youtube.com\/watch?v=iJkzdGd9cm0&amp;t=2062s\" target=\"_blank\" rel=\"noopener\">here<\/a> and <a href=\"https:\/\/www.youtube.com\/watch?v=8-EP8pTXI7Y&amp;list=PLO4IEQZa_8XOQwQbOIm-7ButbkKgrIee1\" target=\"_blank\" rel=\"noopener\">here<\/a>.<\/p>\n<p>Grant awarded: HUF 159,500,000.<\/p>\n<p><b>Contact address<\/b>: SZTE BTK Vall\u00e1studom\u00e1nyi Tansz\u00e9k, Egyetem utca 2, 6722, Szeged. Email: lenduletmithras@gmail.com&nbsp;<\/p>\t\t\t\t\t\t\t\t<\/div>\n\t\t\t\t\t<\/div>\n\t\t\t\t<\/div>\n\t\t\t\t<\/div>\n\t\t","protected":false},"excerpt":{"rendered":"<p>MTA\u2013SZTE Momentum Mithras Research Group REMITHRA: Faces of Mithras. The material and cultural heritage of an ancient cult in Central-Eastern Europe (2025\u20132030) The rich archaeological,&hellip;<\/p>\n","protected":false},"author":1,"featured_media":0,"parent":0,"menu_order":0,"comment_status":"closed","ping_status":"closed","template":"elementor_header_footer","meta":{"footnotes":""},"class_list":["post-88","page","type-page","status-publish","hentry"],"_links":{"self":[{"href":"https:\/\/roman-mithras.hu\/index.php?rest_route=\/wp\/v2\/pages\/88","targetHints":{"allow":["GET"]}}],"collection":[{"href":"https:\/\/roman-mithras.hu\/index.php?rest_route=\/wp\/v2\/pages"}],"about":[{"href":"https:\/\/roman-mithras.hu\/index.php?rest_route=\/wp\/v2\/types\/page"}],"author":[{"embeddable":true,"href":"https:\/\/roman-mithras.hu\/index.php?rest_route=\/wp\/v2\/users\/1"}],"replies":[{"embeddable":true,"href":"https:\/\/roman-mithras.hu\/index.php?rest_route=%2Fwp%2Fv2%2Fcomments&post=88"}],"version-history":[{"count":63,"href":"https:\/\/roman-mithras.hu\/index.php?rest_route=\/wp\/v2\/pages\/88\/revisions"}],"predecessor-version":[{"id":896,"href":"https:\/\/roman-mithras.hu\/index.php?rest_route=\/wp\/v2\/pages\/88\/revisions\/896"}],"wp:attachment":[{"href":"https:\/\/roman-mithras.hu\/index.php?rest_route=%2Fwp%2Fv2%2Fmedia&parent=88"}],"curies":[{"name":"wp","href":"https:\/\/api.w.org\/{rel}","templated":true}]}}