{"id":99,"date":"2025-11-25T18:50:16","date_gmt":"2025-11-25T18:50:16","guid":{"rendered":"https:\/\/roman-mithras.hu\/?page_id=99"},"modified":"2025-12-01T18:37:16","modified_gmt":"2025-12-01T18:37:16","slug":"rolunk","status":"publish","type":"page","link":"https:\/\/roman-mithras.hu\/?page_id=99","title":{"rendered":"R\u00d3LUNK"},"content":{"rendered":"\t\t<div data-elementor-type=\"wp-page\" data-elementor-id=\"99\" class=\"elementor elementor-99\">\n\t\t\t\t<div class=\"elementor-element elementor-element-ac006ab e-flex e-con-boxed e-con e-parent\" data-id=\"ac006ab\" data-element_type=\"container\" data-e-type=\"container\">\n\t\t\t\t\t<div class=\"e-con-inner\">\n\t\t<div class=\"elementor-element elementor-element-041f90b animated-slow e-con-full e-flex elementor-invisible e-con e-child\" data-id=\"041f90b\" data-element_type=\"container\" data-e-type=\"container\" data-settings=\"{&quot;animation&quot;:&quot;fadeIn&quot;}\">\n\t\t\t\t<div class=\"elementor-element elementor-element-fb98601 elementor-widget elementor-widget-image\" data-id=\"fb98601\" data-element_type=\"widget\" data-e-type=\"widget\" data-widget_type=\"image.default\">\n\t\t\t\t\t\t\t\t\t\t\t\t\t\t\t<img fetchpriority=\"high\" decoding=\"async\" width=\"300\" height=\"300\" src=\"https:\/\/roman-mithras.hu\/wp-content\/uploads\/2025\/11\/cropped-logo_mithras66_EN-1-300x300.png\" class=\"attachment-medium size-medium wp-image-254\" alt=\"\" srcset=\"https:\/\/roman-mithras.hu\/wp-content\/uploads\/2025\/11\/cropped-logo_mithras66_EN-1-300x300.png 300w, https:\/\/roman-mithras.hu\/wp-content\/uploads\/2025\/11\/cropped-logo_mithras66_EN-1-150x150.png 150w, https:\/\/roman-mithras.hu\/wp-content\/uploads\/2025\/11\/cropped-logo_mithras66_EN-1-768x770.png 768w, https:\/\/roman-mithras.hu\/wp-content\/uploads\/2025\/11\/cropped-logo_mithras66_EN-1.png 1022w\" sizes=\"(max-width: 300px) 100vw, 300px\" \/>\t\t\t\t\t\t\t\t\t\t\t\t\t\t\t<\/div>\n\t\t\t\t<div class=\"elementor-element elementor-element-5861c94 elementor-widget elementor-widget-spacer\" data-id=\"5861c94\" data-element_type=\"widget\" data-e-type=\"widget\" data-widget_type=\"spacer.default\">\n\t\t\t\t\t\t\t<div class=\"elementor-spacer\">\n\t\t\t<div class=\"elementor-spacer-inner\"><\/div>\n\t\t<\/div>\n\t\t\t\t\t\t<\/div>\n\t\t\t\t<div class=\"elementor-element elementor-element-b9b3d63 elementor-widget elementor-widget-heading\" data-id=\"b9b3d63\" data-element_type=\"widget\" data-e-type=\"widget\" data-widget_type=\"heading.default\">\n\t\t\t\t\t<h2 class=\"elementor-heading-title elementor-size-default\">MTA-SZTE Lend\u00fclet Mithras Kutat\u00f3csoport<\/h2>\t\t\t\t<\/div>\n\t\t\t\t<div class=\"elementor-element elementor-element-91e852e elementor-widget elementor-widget-spacer\" data-id=\"91e852e\" data-element_type=\"widget\" data-e-type=\"widget\" data-widget_type=\"spacer.default\">\n\t\t\t\t\t\t\t<div class=\"elementor-spacer\">\n\t\t\t<div class=\"elementor-spacer-inner\"><\/div>\n\t\t<\/div>\n\t\t\t\t\t\t<\/div>\n\t\t\t\t<div class=\"elementor-element elementor-element-2f66be0 elementor-widget elementor-widget-heading\" data-id=\"2f66be0\" data-element_type=\"widget\" data-e-type=\"widget\" data-widget_type=\"heading.default\">\n\t\t\t\t\t<h3 class=\"elementor-heading-title elementor-size-default\">REMITHRA: Mithras arcai. Egy \u00f3kori kultusz t\u00e1rgyi \u00e9s kultur\u00e1lis \u00f6r\u00f6ks\u00e9ge K\u00f6z\u00e9p-Kelet-Eur\u00f3p\u00e1ban (2025-2030)<\/h3>\t\t\t\t<\/div>\n\t\t\t\t<div class=\"elementor-element elementor-element-194adf4 elementor-widget elementor-widget-spacer\" data-id=\"194adf4\" data-element_type=\"widget\" data-e-type=\"widget\" data-widget_type=\"spacer.default\">\n\t\t\t\t\t\t\t<div class=\"elementor-spacer\">\n\t\t\t<div class=\"elementor-spacer-inner\"><\/div>\n\t\t<\/div>\n\t\t\t\t\t\t<\/div>\n\t\t\t\t<div class=\"elementor-element elementor-element-c6ae77e elementor-widget elementor-widget-text-editor\" data-id=\"c6ae77e\" data-element_type=\"widget\" data-e-type=\"widget\" data-widget_type=\"text-editor.default\">\n\t\t\t\t\t\t\t\t\t<p class=\"has-text-align-justify\">A r\u00f3mai Mithras kultusz\u00e1nak gazdag r\u00e9g\u00e9szeti, epigr\u00e1fiai \u00e9s figurativ eml\u00e9kei K\u00f6z\u00e9p-Kelet Eur\u00f3pa m\u00fazeumainak \u00e9s r\u00e9g\u00e9szeti parkjainak legl\u00e1tv\u00e1nyosabb eml\u00e9kei. A kultusz ugyanakkor a R\u00f3mai Birodalom vall\u00e1sos \u00e9let\u00e9nek is egyik meghat\u00e1roz\u00f3, birodalom-form\u00e1l\u00f3 jelens\u00e9ge volt, amelynek hat\u00e1sa renesz\u00e1nsz- kori \u00e9s kort\u00e1rs ut\u00f3\u00e9let\u00e9ben is j\u00f3l kimutathat\u00f3. A projekt c\u00e9lja, hogy kort\u00e1rs eszk\u00f6z\u00f6kkel felt\u00e9rk\u00e9pezze \u00e9s digitaliz\u00e1lja a k\u00f6z\u00e9ps\u0151 \u00e9s als\u00f3 Duna-menti provinci\u00e1k teljes mithraikus epigr\u00e1fiai, figurativ \u00e9s r\u00e9g\u00e9szeti anyag\u00e1t, vizsg\u00e1lja a kultusz \u00f3kori t\u00e1rsadalmi mobilit\u00e1s\u00e1nak, \u00e9l\u0151 vall\u00e1si aspektusainak glok\u00e1lis saj\u00e1toss\u00e1gait, a renesz\u00e1nsz recepci\u00f3t\u00f6rt\u00e9netre, a kort\u00e1rs muzeol\u00f3gi\u00e1ra \u00e9s mai vall\u00e1sokra gyakorolt hat\u00e1s\u00e1t. A projekt els\u0151 alkalommal vizsg\u00e1l interdiszciplin\u00e1ris m\u00f3dszertannal egy \u00f3kori istens\u00e9g kultusz\u00e1t, annak r\u00e9g\u00e9szeti, irodalmi forr\u00e1sait \u00e9s kort\u00e1rs recepci\u00f3-t\u00f6rt\u00e9net\u00e9t \u00e9s muzeol\u00f3giai aspektusait \u00faj, vagy \u00fajra\u00e9rtelmez\u00e9sre szorul\u00f3 esettanulm\u00e1nyok alapkutat\u00e1sa r\u00e9v\u00e9n.<\/p><p><strong>Vezet\u0151 kutat\u00f3:<\/strong>\u00a0<a href=\"https:\/\/vallastudomanycom.wordpress.com\/szabo-csaba\/\" target=\"_blank\" rel=\"noopener\">Dr. habil. Szab\u00f3 Csaba\u00a0<\/a>(SZTE BTK Vall\u00e1studom\u00e1nyi Tansz\u00e9k). Mithras tanulm\u00e1nyai\u00a0<a href=\"https:\/\/religioacademici.wordpress.com\/2023\/04\/20\/mithriaca-2010-2022\/\" target=\"_blank\" rel=\"noopener\">itt tal\u00e1lhat\u00f3ak\u00a0<\/a>\u00f6sszegy\u0171jtve.<\/p><p><strong>\u00c1lland\u00f3 tagok<\/strong>: Dr. V\u00e1g\u00e1si T\u00fcnde, drd. Szab\u00f3 Ern\u0151, drd. Hajd\u00fa Attila.<\/p><p><strong>Tov\u00e1bbi kutat\u00f3k:<\/strong>\u00a0Dr. F\u00e1bi\u00e1n Bogl\u00e1rka, Dr. habil. Szil\u00e1rdi R\u00e9ka, Lov\u00e1sz Ilona, Milbich Tam\u00e1s, Budai Balogh Tibor, F\u00fcl\u00f6p Tiffany<\/p><p class=\"has-text-align-justify\"><strong>Egy\u00fcttm\u0171k\u00f6d\u0151 partnerek<\/strong>: hamarosan.<\/p><p>Projekt\u00a0<strong><a href=\"https:\/\/www.youtube.com\/@MithrasSzeged\" target=\"_blank\" rel=\"noopener\">Youtube<\/a><\/strong>\u00a0\u00e9s\u00a0<strong><a href=\"https:\/\/www.facebook.com\/profile.php?id=100070444772866\" target=\"_blank\" rel=\"noopener\">Facebook oldala<\/a>.<\/strong><\/p><p><strong>Sajt\u00f3szemle<\/strong>:\u00a0<a href=\"https:\/\/u-szeged.hu\/news-and-events\/2025\/pioneering-excellence-dr?fbclid=IwY2xjawMBdLBleHRuA2FlbQIxMABicmlkETFyR2g2NVdseFRObVd3OVR1AR58J9BrIR5XkYd-yp9qNDXympiqPfm39SK1JV0E4BjQluPdr5m1ohKYTe-orw_aem_CLBXH1RmvZqbAj5_wZahbQ\" target=\"_blank\" rel=\"noopener\">itt<\/a>,\u00a0<a href=\"https:\/\/infostart.hu\/audio\/7840B\/7840B2EA.mp3\" target=\"_blank\" rel=\"noopener\">itt,<\/a>\u00a0<a href=\"https:\/\/kab.ro\/hirek\/hir\/szabo-csaba-elnyerte-az-mta-lendulet-palyazatat-1819\" target=\"_blank\" rel=\"noopener\">itt<\/a>,\u00a0<a href=\"https:\/\/www.szabadsag.ro\/article\/erdelyi-tortenesz-nyerte-lendulet-program-kutatoi-osztondijat?fbclid=IwY2xjawLYfzdleHRuA2FlbQIxMQBicmlkETFEU29sekZEb3BZbXl2MHJyAR5hRGs9n0--splPtrZq9NzuS5D_2gKoNG2uAwrzTKsRkOo5WVYWa76I9pNRJQ_aem_U7LcV7q_BlOPnKvnn-f9Nw\" target=\"_blank\" rel=\"noopener\">itt<\/a>,\u00a0<a href=\"https:\/\/u-szeged.hu\/sztehirek\/2025-julius\/harom-uj-lendulet?objectParentFolderId=19396\" target=\"_blank\" rel=\"noopener\">itt<\/a>,\u00a0<a href=\"https:\/\/www.youtube.com\/watch?v=iJkzdGd9cm0&amp;t=2062s\" target=\"_blank\" rel=\"noopener\">itt<\/a>\u00a0\u00e9s\u00a0<a href=\"https:\/\/www.youtube.com\/watch?v=8-EP8pTXI7Y&amp;list=PLO4IEQZa_8XOQwQbOIm-7ButbkKgrIee1\" target=\"_blank\" rel=\"noopener\">itt<\/a>.<\/p><p><strong>Elnyert t\u00e1mogat\u00e1s<\/strong>: 159.500.000 forint<\/p>\t\t\t\t\t\t\t\t<\/div>\n\t\t\t\t<div class=\"elementor-element elementor-element-907792b elementor-widget elementor-widget-image\" data-id=\"907792b\" data-element_type=\"widget\" data-e-type=\"widget\" data-widget_type=\"image.default\">\n\t\t\t\t\t\t\t\t\t\t\t\t\t\t\t<img decoding=\"async\" width=\"300\" height=\"70\" src=\"https:\/\/roman-mithras.hu\/wp-content\/uploads\/2025\/12\/mtalogo-300x70.png\" class=\"attachment-medium size-medium wp-image-642\" alt=\"\" srcset=\"https:\/\/roman-mithras.hu\/wp-content\/uploads\/2025\/12\/mtalogo-300x70.png 300w, https:\/\/roman-mithras.hu\/wp-content\/uploads\/2025\/12\/mtalogo.png 700w\" sizes=\"(max-width: 300px) 100vw, 300px\" \/>\t\t\t\t\t\t\t\t\t\t\t\t\t\t\t<\/div>\n\t\t\t\t<\/div>\n\t\t\t\t\t<\/div>\n\t\t\t\t<\/div>\n\t\t\t\t<\/div>\n\t\t","protected":false},"excerpt":{"rendered":"<p>MTA-SZTE Lend\u00fclet Mithras Kutat\u00f3csoport REMITHRA: Mithras arcai. Egy \u00f3kori kultusz t\u00e1rgyi \u00e9s kultur\u00e1lis \u00f6r\u00f6ks\u00e9ge K\u00f6z\u00e9p-Kelet-Eur\u00f3p\u00e1ban (2025-2030) A r\u00f3mai Mithras kultusz\u00e1nak gazdag r\u00e9g\u00e9szeti, epigr\u00e1fiai \u00e9s figurativ&hellip;<\/p>\n","protected":false},"author":1,"featured_media":0,"parent":0,"menu_order":0,"comment_status":"closed","ping_status":"closed","template":"elementor_header_footer","meta":{"footnotes":""},"class_list":["post-99","page","type-page","status-publish","hentry"],"_links":{"self":[{"href":"https:\/\/roman-mithras.hu\/index.php?rest_route=\/wp\/v2\/pages\/99","targetHints":{"allow":["GET"]}}],"collection":[{"href":"https:\/\/roman-mithras.hu\/index.php?rest_route=\/wp\/v2\/pages"}],"about":[{"href":"https:\/\/roman-mithras.hu\/index.php?rest_route=\/wp\/v2\/types\/page"}],"author":[{"embeddable":true,"href":"https:\/\/roman-mithras.hu\/index.php?rest_route=\/wp\/v2\/users\/1"}],"replies":[{"embeddable":true,"href":"https:\/\/roman-mithras.hu\/index.php?rest_route=%2Fwp%2Fv2%2Fcomments&post=99"}],"version-history":[{"count":13,"href":"https:\/\/roman-mithras.hu\/index.php?rest_route=\/wp\/v2\/pages\/99\/revisions"}],"predecessor-version":[{"id":651,"href":"https:\/\/roman-mithras.hu\/index.php?rest_route=\/wp\/v2\/pages\/99\/revisions\/651"}],"wp:attachment":[{"href":"https:\/\/roman-mithras.hu\/index.php?rest_route=%2Fwp%2Fv2%2Fmedia&parent=99"}],"curies":[{"name":"wp","href":"https:\/\/api.w.org\/{rel}","templated":true}]}}